{"id":3016,"date":"2025-08-11T11:52:56","date_gmt":"2025-08-11T11:52:56","guid":{"rendered":"https:\/\/thecommonengineering.com\/?page_id=3016"},"modified":"2025-12-26T17:44:09","modified_gmt":"2025-12-26T17:44:09","slug":"languages","status":"publish","type":"page","link":"https:\/\/thecommonengineering.com\/index.php\/languages\/","title":{"rendered":"Langues"},"content":{"rendered":"\t\t<div data-elementor-type=\"wp-page\" data-elementor-id=\"3016\" class=\"elementor elementor-3016\">\n\t\t\t\t\t\t<section class=\"elementor-section elementor-top-section elementor-element elementor-element-9960aa9 elementor-section-boxed elementor-section-height-default elementor-section-height-default\" data-id=\"9960aa9\" data-element_type=\"section\" data-settings=\"{&quot;background_background&quot;:&quot;classic&quot;}\">\n\t\t\t\t\t\t<div class=\"elementor-container elementor-column-gap-default\">\n\t\t\t\t\t<div class=\"elementor-column elementor-col-100 elementor-top-column elementor-element elementor-element-dbca474\" data-id=\"dbca474\" data-element_type=\"column\" data-settings=\"{&quot;background_background&quot;:&quot;classic&quot;}\">\n\t\t\t<div class=\"elementor-widget-wrap elementor-element-populated\">\n\t\t\t\t\t\t<div class=\"elementor-element elementor-element-171e5ea animated-slow elementor-widget-mobile__width-initial elementor-invisible elementor-widget elementor-widget-heading\" data-id=\"171e5ea\" data-element_type=\"widget\" data-settings=\"{&quot;_animation&quot;:&quot;fadeInRight&quot;}\" data-widget_type=\"heading.default\">\n\t\t\t\t<div class=\"elementor-widget-container\">\n\t\t\t\t\t<h2 class=\"elementor-heading-title elementor-size-default\">Trois langues pour une intersectionnalit\u00e9  concr\u00e8te<\/h2>\t\t\t\t<\/div>\n\t\t\t\t<\/div>\n\t\t\t\t\t<\/div>\n\t\t<\/div>\n\t\t\t\t\t<\/div>\n\t\t<\/section>\n\t\t\t\t<section class=\"elementor-section elementor-top-section elementor-element elementor-element-1ca5da4 elementor-section-full_width elementor-section-height-default elementor-section-height-default\" data-id=\"1ca5da4\" data-element_type=\"section\" data-settings=\"{&quot;background_background&quot;:&quot;classic&quot;}\">\n\t\t\t\t\t\t<div class=\"elementor-container elementor-column-gap-default\">\n\t\t\t\t\t<div class=\"elementor-column elementor-col-100 elementor-top-column elementor-element elementor-element-e4bc247\" data-id=\"e4bc247\" data-element_type=\"column\">\n\t\t\t<div class=\"elementor-widget-wrap elementor-element-populated\">\n\t\t\t\t\t\t<div class=\"elementor-element elementor-element-5a5e7cf elementor-widget-mobile__width-initial elementor-widget elementor-widget-text-editor\" data-id=\"5a5e7cf\" data-element_type=\"widget\" data-widget_type=\"text-editor.default\">\n\t\t\t\t<div class=\"elementor-widget-container\">\n\t\t\t\t\t\t\t\t\t<p data-start=\"208\" data-end=\"481\">Notre activit\u00e9 est n\u00e9e au croisement de parcours internationaux et de r\u00e9alit\u00e9s locales.<\/p><p data-start=\"208\" data-end=\"481\">En ce sens, il existe plusieurs pages d&#8217;accueil. Vous\u00a0pourrez retrouver une version en\u00a0<a href=\"https:\/\/thecommonengineering.com\/\" target=\"_blank\" rel=\"noopener\">Anglais<\/a>, en\u00a0<a href=\"https:\/\/thecommonengineering.com\/index.php\/home-francais\/\" target=\"_blank\" rel=\"noopener\">Fran\u00e7ais<\/a>\u00a0et en\u00a0<a href=\"https:\/\/thecommonengineering.com\/index.php\/home-espanol\/\" target=\"_blank\" rel=\"noopener\">Espagnol<\/a>.\u00a0<br data-start=\"295\" data-end=\"298\" \/>Dans le conseil strat\u00e9gique et sociologique, la langue n\u2019est pas qu\u2019un outil de communication : c\u2019est un vecteur de pr\u00e9cision, de compr\u00e9hension culturelle et de justesse analytique.<\/p><p data-start=\"483\" data-end=\"793\">En vous proposant<b>\u00a0une app<\/b><b style=\"font-style: inherit;\">roche trilingue<\/b><span style=\"font-style: inherit; font-weight: inherit;\">, nous assurons \u00e0 chaque client la possibilit\u00e9 d\u2019\u00e9changer dans sa langue de confiance tout en pr\u00e9servant l\u2019exactitude des concepts. Cette approche permet de capter les nuances propres \u00e0 chaque culture et d\u2019int\u00e9grer ces sp\u00e9cificit\u00e9s dans nos recommandations.<\/span><\/p><p data-start=\"795\" data-end=\"961\"><b>Etant donn\u00e9 que nous mettons en avant une technique de d\u00e9samorsage,\u00a0<\/b>\u00a0Selon les besoins, nos \u00e9changes, rapports et ateliers peuvent \u00eatre conduits int\u00e9gralement en anglais ou en espagnol.<\/p>\t\t\t\t\t\t\t\t<\/div>\n\t\t\t\t<\/div>\n\t\t\t\t\t<\/div>\n\t\t<\/div>\n\t\t\t\t\t<\/div>\n\t\t<\/section>\n\t\t\t\t<section class=\"elementor-section elementor-top-section elementor-element elementor-element-09a81d8 elementor-section-boxed elementor-section-height-default elementor-section-height-default\" data-id=\"09a81d8\" data-element_type=\"section\" data-settings=\"{&quot;background_background&quot;:&quot;classic&quot;}\">\n\t\t\t\t\t\t<div class=\"elementor-container elementor-column-gap-default\">\n\t\t\t\t\t<div class=\"elementor-column elementor-col-100 elementor-top-column elementor-element elementor-element-1811f9d\" data-id=\"1811f9d\" data-element_type=\"column\" data-settings=\"{&quot;background_background&quot;:&quot;classic&quot;}\">\n\t\t\t<div class=\"elementor-widget-wrap elementor-element-populated\">\n\t\t\t\t\t\t<section class=\"elementor-section elementor-inner-section elementor-element elementor-element-75a518c elementor-section-boxed elementor-section-height-default elementor-section-height-default\" data-id=\"75a518c\" data-element_type=\"section\">\n\t\t\t\t\t\t<div class=\"elementor-container elementor-column-gap-default\">\n\t\t\t\t\t<div class=\"elementor-column elementor-col-20 elementor-inner-column elementor-element elementor-element-031ea4d\" data-id=\"031ea4d\" data-element_type=\"column\">\n\t\t\t<div class=\"elementor-widget-wrap elementor-element-populated\">\n\t\t\t\t\t\t<div class=\"elementor-element elementor-element-35a8468 elementor-widget elementor-widget-text-editor\" data-id=\"35a8468\" data-element_type=\"widget\" data-widget_type=\"text-editor.default\">\n\t\t\t\t<div class=\"elementor-widget-container\">\n\t\t\t\t\t\t\t\t\t<p>\u00b7\u00a0<a href=\"https:\/\/thecommonengineering.com\/index.php\/privacy-policy-2\/\">Potilique de Confidentialit\u00e9 <\/a><strong>\u00a0\u00b7<\/strong><\/p>\t\t\t\t\t\t\t\t<\/div>\n\t\t\t\t<\/div>\n\t\t\t\t\t<\/div>\n\t\t<\/div>\n\t\t\t\t<div class=\"elementor-column elementor-col-20 elementor-inner-column elementor-element elementor-element-1131404\" data-id=\"1131404\" data-element_type=\"column\">\n\t\t\t<div class=\"elementor-widget-wrap elementor-element-populated\">\n\t\t\t\t\t\t<div class=\"elementor-element elementor-element-1b50a47 elementor-widget elementor-widget-text-editor\" data-id=\"1b50a47\" data-element_type=\"widget\" data-widget_type=\"text-editor.default\">\n\t\t\t\t<div class=\"elementor-widget-container\">\n\t\t\t\t\t\t\t\t\t<p><a href=\"https:\/\/thecommonengineering.com\/index.php\/a-propos-de-nous\/\" target=\"_blank\" rel=\"noopener\">\u00b7 \u00e0 propos de Common Engineering<\/a> \u00b7<\/p>\t\t\t\t\t\t\t\t<\/div>\n\t\t\t\t<\/div>\n\t\t\t\t\t<\/div>\n\t\t<\/div>\n\t\t\t\t<div class=\"elementor-column elementor-col-20 elementor-inner-column elementor-element elementor-element-c7d83d9\" data-id=\"c7d83d9\" data-element_type=\"column\">\n\t\t\t<div class=\"elementor-widget-wrap elementor-element-populated\">\n\t\t\t\t\t\t<div class=\"elementor-element elementor-element-bc57e9b elementor-widget__width-initial elementor-widget elementor-widget-text-editor\" data-id=\"bc57e9b\" data-element_type=\"widget\" data-widget_type=\"text-editor.default\">\n\t\t\t\t<div class=\"elementor-widget-container\">\n\t\t\t\t\t\t\t\t\t<p>\u00b7 <a href=\"https:\/\/thecommonengineering.com\/index.php\/privacy-policy-2\/\">Conditions de service<\/a><\/p>\t\t\t\t\t\t\t\t<\/div>\n\t\t\t\t<\/div>\n\t\t\t\t\t<\/div>\n\t\t<\/div>\n\t\t\t\t<div class=\"elementor-column elementor-col-20 elementor-inner-column elementor-element elementor-element-78850f5\" data-id=\"78850f5\" data-element_type=\"column\">\n\t\t\t<div class=\"elementor-widget-wrap elementor-element-populated\">\n\t\t\t\t\t\t<div class=\"elementor-element elementor-element-c5421a0 elementor-widget elementor-widget-text-editor\" data-id=\"c5421a0\" data-element_type=\"widget\" data-widget_type=\"text-editor.default\">\n\t\t\t\t<div class=\"elementor-widget-container\">\n\t\t\t\t\t\t\t\t\t<p>\u00b7<a href=\"https:\/\/thecommonengineering.com\/index.php\/chroniques-et-podcasts\/\">Chroniques &amp; Podcasts\u00b7<\/a><\/p>\t\t\t\t\t\t\t\t<\/div>\n\t\t\t\t<\/div>\n\t\t\t\t\t<\/div>\n\t\t<\/div>\n\t\t\t\t<div class=\"elementor-column elementor-col-20 elementor-inner-column elementor-element elementor-element-ceab8ae\" data-id=\"ceab8ae\" data-element_type=\"column\">\n\t\t\t<div class=\"elementor-widget-wrap elementor-element-populated\">\n\t\t\t\t\t\t<div class=\"elementor-element elementor-element-9a97f32 elementor-widget elementor-widget-text-editor\" data-id=\"9a97f32\" data-element_type=\"widget\" data-widget_type=\"text-editor.default\">\n\t\t\t\t<div class=\"elementor-widget-container\">\n\t\t\t\t\t\t\t\t\t<p><a href=\"https:\/\/thecommonengineering.com\/index.php\/resources-suggestions\/\">\u00b7\u00a0 Nous Contacter<\/a><a href=\"https:\/\/thecommonengineering.com\/index.php\/contact\/\">\u00a0\u00b7\u00a0<\/a><\/p>\t\t\t\t\t\t\t\t<\/div>\n\t\t\t\t<\/div>\n\t\t\t\t\t<\/div>\n\t\t<\/div>\n\t\t\t\t\t<\/div>\n\t\t<\/section>\n\t\t\t\t<section class=\"elementor-section elementor-inner-section elementor-element elementor-element-bf37f5d elementor-section-boxed elementor-section-height-default elementor-section-height-default\" data-id=\"bf37f5d\" data-element_type=\"section\">\n\t\t\t\t\t\t<div class=\"elementor-container elementor-column-gap-default\">\n\t\t\t\t\t<div class=\"elementor-column elementor-col-100 elementor-inner-column elementor-element elementor-element-0db5685\" data-id=\"0db5685\" data-element_type=\"column\">\n\t\t\t<div class=\"elementor-widget-wrap elementor-element-populated\">\n\t\t\t\t\t\t<div class=\"elementor-element elementor-element-eb14c2b elementor-widget elementor-widget-heading\" data-id=\"eb14c2b\" data-element_type=\"widget\" data-widget_type=\"heading.default\">\n\t\t\t\t<div class=\"elementor-widget-container\">\n\t\t\t\t\t<h2 class=\"elementor-heading-title elementor-size-default\"><a href=\"https:\/\/thecommonengineering.com\/index.php\/about\/\">\u00b7 Certified academic background\u00b7                                                                                              TheCommonEngineering \u00b7 All Rights Reserved \u00a9<\/a><\/h2>\t\t\t\t<\/div>\n\t\t\t\t<\/div>\n\t\t\t\t\t<\/div>\n\t\t<\/div>\n\t\t\t\t\t<\/div>\n\t\t<\/section>\n\t\t\t\t\t<\/div>\n\t\t<\/div>\n\t\t\t\t\t<\/div>\n\t\t<\/section>\n\t\t\t\t<\/div>\n\t\t","protected":false},"excerpt":{"rendered":"<p>Trois langues pour une intersectionnalit\u00e9 concr\u00e8te Notre activit\u00e9 est n\u00e9e au croisement de parcours internationaux et de r\u00e9alit\u00e9s locales. En ce sens, il existe plusieurs pages d&#8217;accueil. Vous\u00a0pourrez retrouver une version en\u00a0Anglais, en\u00a0Fran\u00e7ais\u00a0et en\u00a0Espagnol.\u00a0Dans le conseil strat\u00e9gique et sociologique, la langue n\u2019est pas qu\u2019un outil de communication : c\u2019est un vecteur de pr\u00e9cision, de compr\u00e9hension [&hellip;]<\/p>\n","protected":false},"author":1,"featured_media":0,"parent":0,"menu_order":0,"comment_status":"closed","ping_status":"closed","template":"","meta":{"site-sidebar-layout":"no-sidebar","site-content-layout":"page-builder","ast-site-content-layout":"full-width-container","site-content-style":"default","site-sidebar-style":"default","ast-global-header-display":"","ast-banner-title-visibility":"","ast-main-header-display":"","ast-hfb-above-header-display":"","ast-hfb-below-header-display":"","ast-hfb-mobile-header-display":"","site-post-title":"disabled","ast-breadcrumbs-content":"","ast-featured-img":"disabled","footer-sml-layout":"","theme-transparent-header-meta":"","adv-header-id-meta":"","stick-header-meta":"","header-above-stick-meta":"","header-main-stick-meta":"","header-below-stick-meta":"","astra-migrate-meta-layouts":"set","ast-page-background-enabled":"default","ast-page-background-meta":{"desktop":{"background-color":"var(--ast-global-color-4)","background-image":"","background-repeat":"repeat","background-position":"center center","background-size":"auto","background-attachment":"scroll","background-type":"","background-media":"","overlay-type":"","overlay-color":"","overlay-opacity":"","overlay-gradient":""},"tablet":{"background-color":"","background-image":"","background-repeat":"repeat","background-position":"center center","background-size":"auto","background-attachment":"scroll","background-type":"","background-media":"","overlay-type":"","overlay-color":"","overlay-opacity":"","overlay-gradient":""},"mobile":{"background-color":"","background-image":"","background-repeat":"repeat","background-position":"center center","background-size":"auto","background-attachment":"scroll","background-type":"","background-media":"","overlay-type":"","overlay-color":"","overlay-opacity":"","overlay-gradient":""}},"ast-content-background-meta":{"desktop":{"background-color":"var(--ast-global-color-5)","background-image":"","background-repeat":"repeat","background-position":"center center","background-size":"auto","background-attachment":"scroll","background-type":"","background-media":"","overlay-type":"","overlay-color":"","overlay-opacity":"","overlay-gradient":""},"tablet":{"background-color":"var(--ast-global-color-5)","background-image":"","background-repeat":"repeat","background-position":"center center","background-size":"auto","background-attachment":"scroll","background-type":"","background-media":"","overlay-type":"","overlay-color":"","overlay-opacity":"","overlay-gradient":""},"mobile":{"background-color":"var(--ast-global-color-5)","background-image":"","background-repeat":"repeat","background-position":"center center","background-size":"auto","background-attachment":"scroll","background-type":"","background-media":"","overlay-type":"","overlay-color":"","overlay-opacity":"","overlay-gradient":""}},"footnotes":""},"class_list":["post-3016","page","type-page","status-publish","hentry"],"_links":{"self":[{"href":"https:\/\/thecommonengineering.com\/index.php\/wp-json\/wp\/v2\/pages\/3016","targetHints":{"allow":["GET"]}}],"collection":[{"href":"https:\/\/thecommonengineering.com\/index.php\/wp-json\/wp\/v2\/pages"}],"about":[{"href":"https:\/\/thecommonengineering.com\/index.php\/wp-json\/wp\/v2\/types\/page"}],"author":[{"embeddable":true,"href":"https:\/\/thecommonengineering.com\/index.php\/wp-json\/wp\/v2\/users\/1"}],"replies":[{"embeddable":true,"href":"https:\/\/thecommonengineering.com\/index.php\/wp-json\/wp\/v2\/comments?post=3016"}],"version-history":[{"count":36,"href":"https:\/\/thecommonengineering.com\/index.php\/wp-json\/wp\/v2\/pages\/3016\/revisions"}],"predecessor-version":[{"id":3224,"href":"https:\/\/thecommonengineering.com\/index.php\/wp-json\/wp\/v2\/pages\/3016\/revisions\/3224"}],"wp:attachment":[{"href":"https:\/\/thecommonengineering.com\/index.php\/wp-json\/wp\/v2\/media?parent=3016"}],"curies":[{"name":"wp","href":"https:\/\/api.w.org\/{rel}","templated":true}]}}