{"id":2803,"date":"2025-08-05T05:46:59","date_gmt":"2025-08-05T05:46:59","guid":{"rendered":"https:\/\/thecommonengineering.com\/?page_id=2803"},"modified":"2025-08-06T08:44:26","modified_gmt":"2025-08-06T08:44:26","slug":"resources-suggestions","status":"publish","type":"page","link":"https:\/\/thecommonengineering.com\/index.php\/resources-suggestions\/","title":{"rendered":"Ligne editoriale"},"content":{"rendered":"\t\t<div data-elementor-type=\"wp-page\" data-elementor-id=\"2803\" class=\"elementor elementor-2803\">\n\t\t\t\t\t\t<section class=\"elementor-section elementor-top-section elementor-element elementor-element-6b29e4a elementor-section-boxed elementor-section-height-default elementor-section-height-default\" data-id=\"6b29e4a\" data-element_type=\"section\" data-settings=\"{&quot;background_background&quot;:&quot;classic&quot;}\">\n\t\t\t\t\t\t<div class=\"elementor-container elementor-column-gap-default\">\n\t\t\t\t\t<div class=\"elementor-column elementor-col-100 elementor-top-column elementor-element elementor-element-8d1df6e\" data-id=\"8d1df6e\" data-element_type=\"column\" data-settings=\"{&quot;background_background&quot;:&quot;classic&quot;}\">\n\t\t\t<div class=\"elementor-widget-wrap\">\n\t\t\t\t\t\t\t<\/div>\n\t\t<\/div>\n\t\t\t\t\t<\/div>\n\t\t<\/section>\n\t\t\t\t<section class=\"elementor-section elementor-top-section elementor-element elementor-element-e243580 elementor-section-boxed elementor-section-height-default elementor-section-height-default\" data-id=\"e243580\" data-element_type=\"section\" data-settings=\"{&quot;background_background&quot;:&quot;classic&quot;}\">\n\t\t\t\t\t\t<div class=\"elementor-container elementor-column-gap-default\">\n\t\t\t\t\t<div class=\"elementor-column elementor-col-100 elementor-top-column elementor-element elementor-element-4580e89\" data-id=\"4580e89\" data-element_type=\"column\" data-settings=\"{&quot;background_background&quot;:&quot;classic&quot;}\">\n\t\t\t<div class=\"elementor-widget-wrap elementor-element-populated\">\n\t\t\t\t\t\t<section class=\"elementor-section elementor-inner-section elementor-element elementor-element-4274cfc elementor-section-boxed elementor-section-height-default elementor-section-height-default\" data-id=\"4274cfc\" data-element_type=\"section\">\n\t\t\t\t\t\t<div class=\"elementor-container elementor-column-gap-default\">\n\t\t\t\t\t<div class=\"elementor-column elementor-col-33 elementor-inner-column elementor-element elementor-element-0023b00\" data-id=\"0023b00\" data-element_type=\"column\">\n\t\t\t<div class=\"elementor-widget-wrap elementor-element-populated\">\n\t\t\t\t\t\t<div class=\"elementor-element elementor-element-d6edeb2 elementor-widget elementor-widget-text-editor\" data-id=\"d6edeb2\" data-element_type=\"widget\" data-widget_type=\"text-editor.default\">\n\t\t\t\t<div class=\"elementor-widget-container\">\n\t\t\t\t\t\t\t\t\t<h2 data-start=\"308\" data-end=\"354\"><strong data-start=\"314\" data-end=\"354\">Ligne \u00e9ditoriale &amp; contribution<\/strong><\/h2>\t\t\t\t\t\t\t\t<\/div>\n\t\t\t\t<\/div>\n\t\t\t\t\t<\/div>\n\t\t<\/div>\n\t\t\t\t<div class=\"elementor-column elementor-col-33 elementor-inner-column elementor-element elementor-element-6ca7f17\" data-id=\"6ca7f17\" data-element_type=\"column\">\n\t\t\t<div class=\"elementor-widget-wrap elementor-element-populated\">\n\t\t\t\t\t\t<div class=\"elementor-element elementor-element-0a19156 elementor-widget elementor-widget-text-editor\" data-id=\"0a19156\" data-element_type=\"widget\" data-widget_type=\"text-editor.default\">\n\t\t\t\t<div class=\"elementor-widget-container\">\n\t\t\t\t\t\t\t\t\t<h2 data-start=\"1647\" data-end=\"1697\"><strong data-start=\"1653\" data-end=\"1697\">Share your voice or suggest a theme<\/strong><\/h2>\t\t\t\t\t\t\t\t<\/div>\n\t\t\t\t<\/div>\n\t\t\t\t\t<\/div>\n\t\t<\/div>\n\t\t\t\t<div class=\"elementor-column elementor-col-33 elementor-inner-column elementor-element elementor-element-26b0748\" data-id=\"26b0748\" data-element_type=\"column\">\n\t\t\t<div class=\"elementor-widget-wrap elementor-element-populated\">\n\t\t\t\t\t\t<div class=\"elementor-element elementor-element-eabd678 elementor-widget elementor-widget-text-editor\" data-id=\"eabd678\" data-element_type=\"widget\" data-widget_type=\"text-editor.default\">\n\t\t\t\t<div class=\"elementor-widget-container\">\n\t\t\t\t\t\t\t\t\t<h2 data-start=\"2607\" data-end=\"2674\"><strong data-start=\"2613\" data-end=\"2674\">\u00bfQuieres compartir tu experiencia o sugerir un tema?<\/strong><\/h2><p>\u00a0<\/p>\t\t\t\t\t\t\t\t<\/div>\n\t\t\t\t<\/div>\n\t\t\t\t\t<\/div>\n\t\t<\/div>\n\t\t\t\t\t<\/div>\n\t\t<\/section>\n\t\t\t\t\t<\/div>\n\t\t<\/div>\n\t\t\t\t\t<\/div>\n\t\t<\/section>\n\t\t\t\t<section class=\"elementor-section elementor-top-section elementor-element elementor-element-c89fcbb elementor-section-height-min-height elementor-section-boxed elementor-section-height-default elementor-section-items-middle elementor-invisible\" data-id=\"c89fcbb\" data-element_type=\"section\" data-settings=\"{&quot;background_background&quot;:&quot;classic&quot;,&quot;animation&quot;:&quot;fadeInUp&quot;}\">\n\t\t\t\t\t\t\t<div class=\"elementor-background-overlay\"><\/div>\n\t\t\t\t\t\t\t<div class=\"elementor-container elementor-column-gap-default\">\n\t\t\t\t\t<div class=\"elementor-column elementor-col-100 elementor-top-column elementor-element elementor-element-afd4759\" data-id=\"afd4759\" data-element_type=\"column\">\n\t\t\t<div class=\"elementor-widget-wrap elementor-element-populated\">\n\t\t\t\t\t\t<section class=\"elementor-section elementor-inner-section elementor-element elementor-element-39fe21b elementor-section-boxed elementor-section-height-default elementor-section-height-default\" data-id=\"39fe21b\" data-element_type=\"section\">\n\t\t\t\t\t\t<div class=\"elementor-container elementor-column-gap-default\">\n\t\t\t\t\t<div class=\"elementor-column elementor-col-50 elementor-inner-column elementor-element elementor-element-b7fab02\" data-id=\"b7fab02\" data-element_type=\"column\">\n\t\t\t<div class=\"elementor-widget-wrap elementor-element-populated\">\n\t\t\t\t\t\t<div class=\"elementor-element elementor-element-4182d14 elementor-widget elementor-widget-text-editor\" data-id=\"4182d14\" data-element_type=\"widget\" data-widget_type=\"text-editor.default\">\n\t\t\t\t<div class=\"elementor-widget-container\">\n\t\t\t\t\t\t\t\t\t<h2 data-start=\"308\" data-end=\"354\">\ud83d\udce3 <strong data-start=\"314\" data-end=\"354\">FR \u2014 Ligne \u00e9ditoriale &amp; contribution<\/strong><\/h2><h3 data-start=\"356\" data-end=\"426\">\u270d\ufe0f Vous souhaitez partager votre exp\u00e9rience ou proposer un sujet ?<\/h3><p data-start=\"428\" data-end=\"614\">Nous accueillons avec int\u00e9r\u00eat les <strong data-start=\"462\" data-end=\"493\">t\u00e9moignages de trajectoires<\/strong>, les <strong data-start=\"499\" data-end=\"529\">suggestions de th\u00e9matiques<\/strong> ou les <strong data-start=\"537\" data-end=\"560\">partages de sources<\/strong> pouvant enrichir nos analyses et nos accompagnements.<\/p><p data-start=\"616\" data-end=\"719\">Que vous soyez client, lecteur, ou simplement curieux de nos travaux, vous pouvez nous contacter pour :<\/p><ul data-start=\"720\" data-end=\"1037\"><li data-start=\"720\" data-end=\"848\"><p data-start=\"722\" data-end=\"848\">partager une <strong data-start=\"735\" data-end=\"847\">r\u00e9ussite li\u00e9e \u00e0 une transition professionnelle, un processus d\u2019int\u00e9gration, ou une clarification identitaire<\/strong>,<\/p><\/li><li data-start=\"849\" data-end=\"967\"><p data-start=\"851\" data-end=\"967\">proposer une <strong data-start=\"864\" data-end=\"878\">th\u00e9matique<\/strong> ou <strong data-start=\"882\" data-end=\"892\">source<\/strong> pertinente (livre, article, \u00e9tude, concept sociologique, documentaire&#8230;),<\/p><\/li><li data-start=\"968\" data-end=\"1037\"><p data-start=\"970\" data-end=\"1037\">argumenter sur un <strong data-start=\"988\" data-end=\"1016\">enjeu social ou culturel<\/strong> \u00e0 explorer ensemble.<\/p><\/li><\/ul><p data-start=\"1039\" data-end=\"1319\">Chaque proposition est \u00e9tudi\u00e9e avec attention, dans un souci de rigueur intellectuelle et d\u2019ouverture interdisciplinaire. Nous privil\u00e9gions les <strong data-start=\"1183\" data-end=\"1234\">contributions sinc\u00e8res, situ\u00e9es, et argument\u00e9es<\/strong>, si possible assorties de <strong data-start=\"1261\" data-end=\"1318\">r\u00e9f\u00e9rences scientifiques ou d&#8217;observations de terrain<\/strong>.<\/p><blockquote data-start=\"1321\" data-end=\"1350\"><p data-start=\"1323\" data-end=\"1350\">Vous pouvez nous \u00e9crire :<\/p><\/blockquote><ul data-start=\"1351\" data-end=\"1447\"><li data-start=\"1351\" data-end=\"1406\"><p data-start=\"1353\" data-end=\"1406\"><strong data-start=\"1353\" data-end=\"1389\">par message direct sur Instagram<\/strong>\u00a0<a style=\"font-style: inherit; font-weight: inherit; background-color: #ffffff; color: #f5f0e1;\" href=\"https:\/\/www.instagram.com\/thecommonengineering\/\" target=\"_blank\" rel=\"noopener\">@thecommonengineering<\/a><\/p><\/li><li data-start=\"1407\" data-end=\"1447\"><p data-start=\"1409\" data-end=\"1447\">ou <strong data-start=\"1412\" data-end=\"1425\">par email<\/strong> \u00e0 [contact<a rel=\"noopener\">@commonengineering.com<\/a>]<\/p><\/li><\/ul><p data-start=\"1449\" data-end=\"1640\">\u23f3 Le traitement de votre proposition peut prendre jusqu\u2019\u00e0 <strong data-start=\"1507\" data-end=\"1524\">deux semaines<\/strong>, mais <strong data-start=\"1531\" data-end=\"1579\">chaque message est lu et consid\u00e9r\u00e9 avec soin<\/strong>, au m\u00eame titre qu\u2019une demande de programme d\u2019accompagnement.<\/p><hr data-start=\"1642\" data-end=\"1645\" \/><h2 data-start=\"1647\" data-end=\"1697\">\u00a0<\/h2>\t\t\t\t\t\t\t\t<\/div>\n\t\t\t\t<\/div>\n\t\t\t\t\t<\/div>\n\t\t<\/div>\n\t\t\t\t<div class=\"elementor-column elementor-col-50 elementor-inner-column elementor-element elementor-element-6428c9d\" data-id=\"6428c9d\" data-element_type=\"column\">\n\t\t\t<div class=\"elementor-widget-wrap\">\n\t\t\t\t\t\t\t<\/div>\n\t\t<\/div>\n\t\t\t\t\t<\/div>\n\t\t<\/section>\n\t\t\t\t\t<\/div>\n\t\t<\/div>\n\t\t\t\t\t<\/div>\n\t\t<\/section>\n\t\t\t\t<section class=\"elementor-section elementor-top-section elementor-element elementor-element-145cf6b elementor-section-height-min-height elementor-section-boxed elementor-section-height-default elementor-section-items-middle elementor-invisible\" data-id=\"145cf6b\" data-element_type=\"section\" data-settings=\"{&quot;background_background&quot;:&quot;classic&quot;,&quot;animation&quot;:&quot;fadeInUp&quot;}\">\n\t\t\t\t\t\t\t<div class=\"elementor-background-overlay\"><\/div>\n\t\t\t\t\t\t\t<div class=\"elementor-container elementor-column-gap-default\">\n\t\t\t\t\t<div class=\"elementor-column elementor-col-100 elementor-top-column elementor-element elementor-element-8828299\" data-id=\"8828299\" data-element_type=\"column\">\n\t\t\t<div class=\"elementor-widget-wrap elementor-element-populated\">\n\t\t\t\t\t\t<section class=\"elementor-section elementor-inner-section elementor-element elementor-element-17d2577 elementor-section-boxed elementor-section-height-default elementor-section-height-default\" data-id=\"17d2577\" data-element_type=\"section\">\n\t\t\t\t\t\t<div class=\"elementor-container elementor-column-gap-default\">\n\t\t\t\t\t<div class=\"elementor-column elementor-col-50 elementor-inner-column elementor-element elementor-element-dfc1b9a\" data-id=\"dfc1b9a\" data-element_type=\"column\">\n\t\t\t<div class=\"elementor-widget-wrap elementor-element-populated\">\n\t\t\t\t\t\t<div class=\"elementor-element elementor-element-ef66724 elementor-widget elementor-widget-text-editor\" data-id=\"ef66724\" data-element_type=\"widget\" data-widget_type=\"text-editor.default\">\n\t\t\t\t<div class=\"elementor-widget-container\">\n\t\t\t\t\t\t\t\t\t<h2 data-start=\"1647\" data-end=\"1697\">\u270d\ufe0f <strong data-start=\"1653\" data-end=\"1697\">EN \u2014 Share your voice or suggest a theme<\/strong><\/h2><p data-start=\"1699\" data-end=\"1758\">Would you like to share your experience or suggest a topic?<\/p><p data-start=\"1760\" data-end=\"1894\">We welcome <strong data-start=\"1771\" data-end=\"1787\">testimonials<\/strong>, <strong data-start=\"1789\" data-end=\"1808\">theme proposals<\/strong>, and <strong data-start=\"1814\" data-end=\"1838\">resource suggestions<\/strong> that can enrich our analyses and sociological approach.<\/p><p data-start=\"1896\" data-end=\"1977\">Whether you\u2019re a client, a reader, or simply curious, feel free to contact us to:<\/p><ul data-start=\"1978\" data-end=\"2211\"><li data-start=\"1978\" data-end=\"2044\"><p data-start=\"1980\" data-end=\"2044\">share a <strong data-start=\"1988\" data-end=\"2043\">story of transition, integration, or identity shift<\/strong>,<\/p><\/li><li data-start=\"2045\" data-end=\"2138\"><p data-start=\"2047\" data-end=\"2138\">propose a <strong data-start=\"2057\" data-end=\"2085\">relevant topic or source<\/strong> (article, book, documentary, sociological concept\u2026),<\/p><\/li><li data-start=\"2139\" data-end=\"2211\"><p data-start=\"2141\" data-end=\"2211\">raise an <strong data-start=\"2150\" data-end=\"2175\">issue worth exploring<\/strong>, with your perspective and context.<\/p><\/li><\/ul><p data-start=\"2213\" data-end=\"2364\">We pay special attention to <strong data-start=\"2241\" data-end=\"2295\">sincere, thoughtful, and well-argued contributions<\/strong>, ideally supported by <strong data-start=\"2318\" data-end=\"2363\">academic references or field observations<\/strong>.<\/p><blockquote data-start=\"2366\" data-end=\"2387\"><p data-start=\"2368\" data-end=\"2387\">You can reach us:<\/p><\/blockquote><ul data-start=\"2388\" data-end=\"2464\"><li data-start=\"2388\" data-end=\"2426\"><p data-start=\"2390\" data-end=\"2426\"><strong data-start=\"2390\" data-end=\"2410\">via Instagram DM<\/strong>\u00a0<a style=\"font-style: inherit; font-weight: inherit;\" href=\"https:\/\/www.instagram.com\/thecommonengineering\/\" target=\"_blank\" rel=\"noopener\">@thecommonengineering<\/a><\/p><\/li><li data-start=\"2427\" data-end=\"2464\"><p data-start=\"2429\" data-end=\"2464\">or <strong data-start=\"2432\" data-end=\"2444\">by email<\/strong> at [<a class=\"cursor-pointer\" rel=\"noopener\">contact@commonengineering.com<\/a>]<\/p><\/li><\/ul><p data-start=\"2466\" data-end=\"2600\">\u23f3 Please allow up to <strong data-start=\"2487\" data-end=\"2500\">two weeks<\/strong> for review. All messages are treated with the same care and professionalism as any program request.<\/p><hr data-start=\"2602\" data-end=\"2605\" \/><p data-start=\"3470\" data-end=\"3626\">\u00a0<\/p>\t\t\t\t\t\t\t\t<\/div>\n\t\t\t\t<\/div>\n\t\t\t\t\t<\/div>\n\t\t<\/div>\n\t\t\t\t<div class=\"elementor-column elementor-col-50 elementor-inner-column elementor-element elementor-element-e215eba\" data-id=\"e215eba\" data-element_type=\"column\">\n\t\t\t<div class=\"elementor-widget-wrap\">\n\t\t\t\t\t\t\t<\/div>\n\t\t<\/div>\n\t\t\t\t\t<\/div>\n\t\t<\/section>\n\t\t\t\t\t<\/div>\n\t\t<\/div>\n\t\t\t\t\t<\/div>\n\t\t<\/section>\n\t\t\t\t<section class=\"elementor-section elementor-top-section elementor-element elementor-element-bfc65f0 elementor-section-height-min-height elementor-section-boxed elementor-section-height-default elementor-section-items-middle elementor-invisible\" data-id=\"bfc65f0\" data-element_type=\"section\" data-settings=\"{&quot;background_background&quot;:&quot;classic&quot;,&quot;animation&quot;:&quot;fadeInUp&quot;}\">\n\t\t\t\t\t\t\t<div class=\"elementor-background-overlay\"><\/div>\n\t\t\t\t\t\t\t<div class=\"elementor-container elementor-column-gap-default\">\n\t\t\t\t\t<div class=\"elementor-column elementor-col-100 elementor-top-column elementor-element elementor-element-6907eff\" data-id=\"6907eff\" data-element_type=\"column\">\n\t\t\t<div class=\"elementor-widget-wrap elementor-element-populated\">\n\t\t\t\t\t\t<section class=\"elementor-section elementor-inner-section elementor-element elementor-element-0fa5752 elementor-section-boxed elementor-section-height-default elementor-section-height-default\" data-id=\"0fa5752\" data-element_type=\"section\">\n\t\t\t\t\t\t<div class=\"elementor-container elementor-column-gap-default\">\n\t\t\t\t\t<div class=\"elementor-column elementor-col-50 elementor-inner-column elementor-element elementor-element-b68d32e\" data-id=\"b68d32e\" data-element_type=\"column\">\n\t\t\t<div class=\"elementor-widget-wrap elementor-element-populated\">\n\t\t\t\t\t\t<div class=\"elementor-element elementor-element-c81da6e elementor-widget elementor-widget-text-editor\" data-id=\"c81da6e\" data-element_type=\"widget\" data-widget_type=\"text-editor.default\">\n\t\t\t\t<div class=\"elementor-widget-container\">\n\t\t\t\t\t\t\t\t\t<h2 data-start=\"2607\" data-end=\"2674\">\u270d\ufe0f <strong data-start=\"2613\" data-end=\"2674\">ES \u2014 \u00bfQuieres compartir tu experiencia o sugerir un tema?<\/strong><\/h2>\n<p data-start=\"2676\" data-end=\"2827\">Recibimos con inter\u00e9s los <strong data-start=\"2702\" data-end=\"2733\">testimonios de experiencias<\/strong>, las <strong data-start=\"2739\" data-end=\"2763\">propuestas tem\u00e1ticas<\/strong> y las <strong data-start=\"2770\" data-end=\"2788\">fuentes \u00fatiles<\/strong> que puedan enriquecer nuestro enfoque.<\/p>\n<p data-start=\"2829\" data-end=\"2926\">Tanto si eres cliente, lector o simplemente curioso por nuestro trabajo, puedes escribirnos para:<\/p>\n<ul data-start=\"2927\" data-end=\"3189\">\n<li data-start=\"2927\" data-end=\"3022\">\n<p data-start=\"2929\" data-end=\"3022\">contar una <strong data-start=\"2940\" data-end=\"3021\">experiencia de transici\u00f3n profesional, integraci\u00f3n o redefinici\u00f3n identitaria<\/strong>,<\/p>\n<\/li>\n<li data-start=\"3023\" data-end=\"3118\">\n<p data-start=\"3025\" data-end=\"3118\">sugerir una <strong data-start=\"3037\" data-end=\"3065\">fuente o tema pertinente<\/strong> (libro, estudio, concepto sociol\u00f3gico, documental\u2026),<\/p>\n<\/li>\n<li data-start=\"3119\" data-end=\"3189\">\n<p data-start=\"3121\" data-end=\"3189\">plantear un <strong data-start=\"3133\" data-end=\"3155\">tema sociocultural<\/strong> que te parece importante abordar.<\/p>\n<\/li>\n<\/ul>\n<p data-start=\"3191\" data-end=\"3353\">Valoramos especialmente las <strong data-start=\"3219\" data-end=\"3276\">contribuciones sinceras, bien argumentadas y situadas<\/strong>, idealmente acompa\u00f1adas de <strong data-start=\"3304\" data-end=\"3352\">referencias cient\u00edficas o ejemplos concretos<\/strong>.<\/p>\n<blockquote data-start=\"3355\" data-end=\"3379\">\n<p data-start=\"3357\" data-end=\"3379\">Puedes contactarnos:<\/p>\n<\/blockquote>\n<ul data-start=\"3380\" data-end=\"3468\">\n<li data-start=\"3380\" data-end=\"3432\">\n<p data-start=\"3382\" data-end=\"3432\"><strong data-start=\"3382\" data-end=\"3418\">por mensaje directo en Instagram<\/strong>&nbsp;<a style=\"font-style: inherit; font-weight: inherit; background-color: #ffffff; color: #f5f0e1;\" href=\"https:\/\/www.instagram.com\/thecommonengineering\/\" target=\"_blank\" rel=\"noopener\">@thecommonengineering<\/a><\/p>\n<\/li>\n<li data-start=\"3433\" data-end=\"3468\">\n<p data-start=\"3435\" data-end=\"3468\">o <strong data-start=\"3437\" data-end=\"3450\">por email<\/strong> en [<a class=\"cursor-pointer\" rel=\"noopener\">contact@commonengineering.com<\/a>]<\/p>\n<\/li>\n<\/ul>\n<p data-start=\"3470\" data-end=\"3626\">\u23f3 El plazo de respuesta puede extenderse hasta <strong data-start=\"3517\" data-end=\"3532\">dos semanas<\/strong>, pero <strong data-start=\"3539\" data-end=\"3596\">todas las solicitudes se tratan con la misma atenci\u00f3n<\/strong> que una consulta profesional.<\/p>\t\t\t\t\t\t\t\t<\/div>\n\t\t\t\t<\/div>\n\t\t\t\t\t<\/div>\n\t\t<\/div>\n\t\t\t\t<div class=\"elementor-column elementor-col-50 elementor-inner-column elementor-element elementor-element-8250cff\" data-id=\"8250cff\" data-element_type=\"column\">\n\t\t\t<div class=\"elementor-widget-wrap\">\n\t\t\t\t\t\t\t<\/div>\n\t\t<\/div>\n\t\t\t\t\t<\/div>\n\t\t<\/section>\n\t\t\t\t\t<\/div>\n\t\t<\/div>\n\t\t\t\t\t<\/div>\n\t\t<\/section>\n\t\t\t\t<\/div>\n\t\t","protected":false},"excerpt":{"rendered":"<p>Ligne \u00e9ditoriale &amp; contribution Share your voice or suggest a theme \u00bfQuieres compartir tu experiencia o sugerir un tema? \u00a0 \ud83d\udce3 FR \u2014 Ligne \u00e9ditoriale &amp; contribution \u270d\ufe0f Vous souhaitez partager votre exp\u00e9rience ou proposer un sujet ? Nous accueillons avec int\u00e9r\u00eat les t\u00e9moignages de trajectoires, les suggestions de th\u00e9matiques ou les partages de sources [&hellip;]<\/p>\n","protected":false},"author":1,"featured_media":0,"parent":0,"menu_order":0,"comment_status":"closed","ping_status":"closed","template":"","meta":{"site-sidebar-layout":"no-sidebar","site-content-layout":"page-builder","ast-site-content-layout":"full-width-container","site-content-style":"unboxed","site-sidebar-style":"unboxed","ast-global-header-display":"","ast-banner-title-visibility":"","ast-main-header-display":"","ast-hfb-above-header-display":"","ast-hfb-below-header-display":"","ast-hfb-mobile-header-display":"","site-post-title":"disabled","ast-breadcrumbs-content":"","ast-featured-img":"disabled","footer-sml-layout":"","theme-transparent-header-meta":"","adv-header-id-meta":"","stick-header-meta":"","header-above-stick-meta":"","header-main-stick-meta":"","header-below-stick-meta":"","astra-migrate-meta-layouts":"set","ast-page-background-enabled":"default","ast-page-background-meta":{"desktop":{"background-color":"var(--ast-global-color-4)","background-image":"","background-repeat":"repeat","background-position":"center center","background-size":"auto","background-attachment":"scroll","background-type":"","background-media":"","overlay-type":"","overlay-color":"","overlay-opacity":"","overlay-gradient":""},"tablet":{"background-color":"","background-image":"","background-repeat":"repeat","background-position":"center center","background-size":"auto","background-attachment":"scroll","background-type":"","background-media":"","overlay-type":"","overlay-color":"","overlay-opacity":"","overlay-gradient":""},"mobile":{"background-color":"","background-image":"","background-repeat":"repeat","background-position":"center center","background-size":"auto","background-attachment":"scroll","background-type":"","background-media":"","overlay-type":"","overlay-color":"","overlay-opacity":"","overlay-gradient":""}},"ast-content-background-meta":{"desktop":{"background-color":"var(--ast-global-color-5)","background-image":"","background-repeat":"repeat","background-position":"center center","background-size":"auto","background-attachment":"scroll","background-type":"","background-media":"","overlay-type":"","overlay-color":"","overlay-opacity":"","overlay-gradient":""},"tablet":{"background-color":"var(--ast-global-color-5)","background-image":"","background-repeat":"repeat","background-position":"center center","background-size":"auto","background-attachment":"scroll","background-type":"","background-media":"","overlay-type":"","overlay-color":"","overlay-opacity":"","overlay-gradient":""},"mobile":{"background-color":"var(--ast-global-color-5)","background-image":"","background-repeat":"repeat","background-position":"center center","background-size":"auto","background-attachment":"scroll","background-type":"","background-media":"","overlay-type":"","overlay-color":"","overlay-opacity":"","overlay-gradient":""}},"footnotes":""},"class_list":["post-2803","page","type-page","status-publish","hentry"],"_links":{"self":[{"href":"https:\/\/thecommonengineering.com\/index.php\/wp-json\/wp\/v2\/pages\/2803","targetHints":{"allow":["GET"]}}],"collection":[{"href":"https:\/\/thecommonengineering.com\/index.php\/wp-json\/wp\/v2\/pages"}],"about":[{"href":"https:\/\/thecommonengineering.com\/index.php\/wp-json\/wp\/v2\/types\/page"}],"author":[{"embeddable":true,"href":"https:\/\/thecommonengineering.com\/index.php\/wp-json\/wp\/v2\/users\/1"}],"replies":[{"embeddable":true,"href":"https:\/\/thecommonengineering.com\/index.php\/wp-json\/wp\/v2\/comments?post=2803"}],"version-history":[{"count":23,"href":"https:\/\/thecommonengineering.com\/index.php\/wp-json\/wp\/v2\/pages\/2803\/revisions"}],"predecessor-version":[{"id":2884,"href":"https:\/\/thecommonengineering.com\/index.php\/wp-json\/wp\/v2\/pages\/2803\/revisions\/2884"}],"wp:attachment":[{"href":"https:\/\/thecommonengineering.com\/index.php\/wp-json\/wp\/v2\/media?parent=2803"}],"curies":[{"name":"wp","href":"https:\/\/api.w.org\/{rel}","templated":true}]}}